{"id":1593,"date":"2025-02-16T21:18:43","date_gmt":"2025-02-16T21:18:43","guid":{"rendered":"https:\/\/www.df-advisory.com\/?page_id=1593"},"modified":"2025-04-02T17:25:16","modified_gmt":"2025-04-02T17:25:16","slug":"strategie-et-ingenierie-de-projet-2","status":"publish","type":"page","link":"https:\/\/www.df-advisory.com\/en\/strategie-et-ingenierie-de-projet-2\/","title":{"rendered":"Strategy consulting &amp; project engineering"},"content":{"rendered":"<div data-elementor-type=\"wp-page\" data-elementor-id=\"1593\" class=\"elementor elementor-1593\" data-elementor-post-type=\"page\">\n\t\t\t\t<div class=\"elementor-element elementor-element-7af2895 e-flex e-con-boxed wpr-particle-no wpr-jarallax-no wpr-parallax-no wpr-sticky-section-no e-con e-parent\" data-id=\"7af2895\" data-element_type=\"container\">\n\t\t\t\t\t<div class=\"e-con-inner\">\n\t\t<div class=\"elementor-element elementor-element-6e3fb20 e-con-full e-flex wpr-particle-no wpr-jarallax-no wpr-parallax-no wpr-sticky-section-no e-con e-child\" data-id=\"6e3fb20\" data-element_type=\"container\">\n\t\t\t\t<div class=\"elementor-element elementor-element-39c2fe5 elementor-widget__width-initial animated-slow elementor-invisible elementor-widget elementor-widget-text-editor\" data-id=\"39c2fe5\" data-element_type=\"widget\" data-settings=\"{&quot;_animation&quot;:&quot;slideInLeft&quot;,&quot;_animation_delay&quot;:500}\" data-widget_type=\"text-editor.default\">\n\t\t\t\t<div class=\"elementor-widget-container\">\n\t\t\t\t\t\t\t\t\t<p>We provide integrated solutions in business strategy and project development, with a\nconstant focus on additionality and long-term sustainability.\nWe translate our clients\u2019 vision into actionable strategies and bankable, high-impact\nprojects. Our support extends from conception through to implementation and reporting.<\/p>\t\t\t\t\t\t\t\t<\/div>\n\t\t\t\t<\/div>\n\t\t\t\t<\/div>\n\t\t\t\t\t<\/div>\n\t\t\t\t<\/div>\n\t\t<div class=\"elementor-element elementor-element-4b5a056a e-flex e-con-boxed wpr-particle-no wpr-jarallax-no wpr-parallax-no wpr-sticky-section-no e-con e-parent\" data-id=\"4b5a056a\" data-element_type=\"container\" data-settings=\"{&quot;background_background&quot;:&quot;classic&quot;}\">\n\t\t\t\t\t<div class=\"e-con-inner\">\n\t\t<div class=\"elementor-element elementor-element-19874382 e-con-full e-flex wpr-particle-no wpr-jarallax-no wpr-parallax-no wpr-sticky-section-no e-con e-child\" data-id=\"19874382\" data-element_type=\"container\">\n\t\t\t\t<div class=\"elementor-element elementor-element-ae2c9e3 elementor-invisible elementor-widget elementor-widget-heading\" data-id=\"ae2c9e3\" data-element_type=\"widget\" data-settings=\"{&quot;_animation&quot;:&quot;slideInLeft&quot;,&quot;_animation_delay&quot;:500}\" data-widget_type=\"heading.default\">\n\t\t\t\t<div class=\"elementor-widget-container\">\n\t\t\t\t\t<h2 class=\"elementor-heading-title elementor-size-default\">Project Design &amp; Planning\n<\/h2>\t\t\t\t<\/div>\n\t\t\t\t<\/div>\n\t\t\t\t<div class=\"elementor-element elementor-element-52e980 elementor-widget__width-initial animated-slow elementor-invisible elementor-widget elementor-widget-text-editor\" data-id=\"52e980\" data-element_type=\"widget\" data-settings=\"{&quot;_animation&quot;:&quot;slideInLeft&quot;,&quot;_animation_delay&quot;:500}\" data-widget_type=\"text-editor.default\">\n\t\t\t\t<div class=\"elementor-widget-container\">\n\t\t\t\t\t\t\t\t\t<div>One of the main barriers to accessing financing in Africa is the low\nlevel of maturity of the projects submitted for funding.<\/div><div>Our advisory services in project design and planning help businesses and governments\nturn their ambitions into strategic plans and mature, clear, and investor-ready projects.<\/div>\t\t\t\t\t\t\t\t<\/div>\n\t\t\t\t<\/div>\n\t\t\t\t<div class=\"elementor-element elementor-element-26fc8130 elementor-absolute animated-slow elementor-invisible elementor-widget elementor-widget-image\" data-id=\"26fc8130\" data-element_type=\"widget\" data-settings=\"{&quot;_position&quot;:&quot;absolute&quot;,&quot;_animation&quot;:&quot;zoomIn&quot;,&quot;_animation_delay&quot;:500}\" data-widget_type=\"image.default\">\n\t\t\t\t<div class=\"elementor-widget-container\">\n\t\t\t\t\t\t\t\t\t\t\t\t\t\t\t<img decoding=\"async\" width=\"369\" height=\"111\" src=\"https:\/\/www.df-advisory.com\/wp-content\/uploads\/2025\/02\/cercle.png\" class=\"attachment-large size-large wp-image-1413\" alt=\"\" srcset=\"https:\/\/www.df-advisory.com\/wp-content\/uploads\/2025\/02\/cercle.png 369w, https:\/\/www.df-advisory.com\/wp-content\/uploads\/2025\/02\/cercle-300x90.png 300w, https:\/\/www.df-advisory.com\/wp-content\/uploads\/2025\/02\/cercle-18x5.png 18w\" sizes=\"(max-width: 369px) 100vw, 369px\" \/>\t\t\t\t\t\t\t\t\t\t\t\t\t\t\t<\/div>\n\t\t\t\t<\/div>\n\t\t\t\t<\/div>\n\t\t<div class=\"elementor-element elementor-element-4a1112ac e-con-full e-flex wpr-particle-no wpr-jarallax-no wpr-parallax-no wpr-sticky-section-no e-con e-child\" data-id=\"4a1112ac\" data-element_type=\"container\" data-settings=\"{&quot;background_background&quot;:&quot;classic&quot;}\">\n\t\t\t\t<div class=\"elementor-element elementor-element-7414422a animated-slow elementor-invisible elementor-widget elementor-widget-image\" data-id=\"7414422a\" data-element_type=\"widget\" data-settings=\"{&quot;_animation&quot;:&quot;slideInRight&quot;,&quot;_animation_delay&quot;:600}\" data-widget_type=\"image.default\">\n\t\t\t\t<div class=\"elementor-widget-container\">\n\t\t\t\t\t\t\t\t\t\t\t\t\t\t\t<img fetchpriority=\"high\" decoding=\"async\" width=\"1024\" height=\"574\" src=\"https:\/\/www.df-advisory.com\/wp-content\/uploads\/2025\/03\/5.jpg\" class=\"attachment-large size-large wp-image-1960\" alt=\"\" srcset=\"https:\/\/www.df-advisory.com\/wp-content\/uploads\/2025\/03\/5.jpg 1024w, https:\/\/www.df-advisory.com\/wp-content\/uploads\/2025\/03\/5-300x168.jpg 300w, https:\/\/www.df-advisory.com\/wp-content\/uploads\/2025\/03\/5-768x431.jpg 768w, https:\/\/www.df-advisory.com\/wp-content\/uploads\/2025\/03\/5-18x10.jpg 18w\" sizes=\"(max-width: 1024px) 100vw, 1024px\" \/>\t\t\t\t\t\t\t\t\t\t\t\t\t\t\t<\/div>\n\t\t\t\t<\/div>\n\t\t\t\t<\/div>\n\t\t\t\t\t<\/div>\n\t\t\t\t<\/div>\n\t\t<div class=\"elementor-element elementor-element-191542ce e-flex e-con-boxed wpr-particle-no wpr-jarallax-no wpr-parallax-no wpr-sticky-section-no e-con e-parent\" data-id=\"191542ce\" data-element_type=\"container\" data-settings=\"{&quot;background_background&quot;:&quot;classic&quot;}\">\n\t\t\t\t\t<div class=\"e-con-inner\">\n\t\t<div class=\"elementor-element elementor-element-4662e537 e-con-full e-flex wpr-particle-no wpr-jarallax-no wpr-parallax-no wpr-sticky-section-no e-con e-child\" data-id=\"4662e537\" data-element_type=\"container\">\n\t\t\t\t<div class=\"elementor-element elementor-element-6e3ccf1c elementor-widget__width-initial animated-slow elementor-invisible elementor-widget elementor-widget-heading\" data-id=\"6e3ccf1c\" data-element_type=\"widget\" data-settings=\"{&quot;_animation&quot;:&quot;slideInRight&quot;,&quot;_animation_delay&quot;:500}\" data-widget_type=\"heading.default\">\n\t\t\t\t<div class=\"elementor-widget-container\">\n\t\t\t\t\t<h2 class=\"elementor-heading-title elementor-size-default\">Execution &amp; Oversight<\/h2>\t\t\t\t<\/div>\n\t\t\t\t<\/div>\n\t\t\t\t<div class=\"elementor-element elementor-element-5da1e7c8 elementor-widget__width-initial animated-slow elementor-widget-mobile__width-auto elementor-invisible elementor-widget elementor-widget-text-editor\" data-id=\"5da1e7c8\" data-element_type=\"widget\" data-settings=\"{&quot;_animation&quot;:&quot;slideInRight&quot;,&quot;_animation_delay&quot;:600}\" data-widget_type=\"text-editor.default\">\n\t\t\t\t<div class=\"elementor-widget-container\">\n\t\t\t\t\t\t\t\t\t<div>Monitoring the implementation of projects and programs can sometimes\nbe challenging, given the expectations of various stakeholders.<\/div><div>Our interventions in this area aim to provide support in managing processes and overseeing\ncommitments, in order to ensure smooth execution and align project objectives with the\nrequirements of all stakeholders.<\/div>\t\t\t\t\t\t\t\t<\/div>\n\t\t\t\t<\/div>\n\t\t\t\t<div class=\"elementor-element elementor-element-2faf27fe elementor-absolute animated-slow elementor-invisible elementor-widget elementor-widget-image\" data-id=\"2faf27fe\" data-element_type=\"widget\" data-settings=\"{&quot;_position&quot;:&quot;absolute&quot;,&quot;_animation&quot;:&quot;zoomIn&quot;,&quot;_animation_delay&quot;:500}\" data-widget_type=\"image.default\">\n\t\t\t\t<div class=\"elementor-widget-container\">\n\t\t\t\t\t\t\t\t\t\t\t\t\t\t\t<img decoding=\"async\" width=\"369\" height=\"111\" src=\"https:\/\/www.df-advisory.com\/wp-content\/uploads\/2025\/02\/cercle.png\" class=\"attachment-large size-large wp-image-1413\" alt=\"\" srcset=\"https:\/\/www.df-advisory.com\/wp-content\/uploads\/2025\/02\/cercle.png 369w, https:\/\/www.df-advisory.com\/wp-content\/uploads\/2025\/02\/cercle-300x90.png 300w, https:\/\/www.df-advisory.com\/wp-content\/uploads\/2025\/02\/cercle-18x5.png 18w\" sizes=\"(max-width: 369px) 100vw, 369px\" \/>\t\t\t\t\t\t\t\t\t\t\t\t\t\t\t<\/div>\n\t\t\t\t<\/div>\n\t\t\t\t<\/div>\n\t\t<div class=\"elementor-element elementor-element-fb505e3 e-con-full e-flex wpr-particle-no wpr-jarallax-no wpr-parallax-no wpr-sticky-section-no e-con e-child\" data-id=\"fb505e3\" data-element_type=\"container\" data-settings=\"{&quot;background_background&quot;:&quot;classic&quot;}\">\n\t\t\t\t<div class=\"elementor-element elementor-element-782bd47b animated-slow elementor-invisible elementor-widget elementor-widget-image\" data-id=\"782bd47b\" data-element_type=\"widget\" data-settings=\"{&quot;_animation&quot;:&quot;slideInLeft&quot;,&quot;_animation_delay&quot;:500}\" data-widget_type=\"image.default\">\n\t\t\t\t<div class=\"elementor-widget-container\">\n\t\t\t\t\t\t\t\t\t\t\t\t\t\t\t<img decoding=\"async\" width=\"1024\" height=\"574\" src=\"https:\/\/www.df-advisory.com\/wp-content\/uploads\/2025\/03\/26.jpg\" class=\"attachment-large size-large wp-image-1988\" alt=\"\" srcset=\"https:\/\/www.df-advisory.com\/wp-content\/uploads\/2025\/03\/26.jpg 1024w, https:\/\/www.df-advisory.com\/wp-content\/uploads\/2025\/03\/26-300x168.jpg 300w, https:\/\/www.df-advisory.com\/wp-content\/uploads\/2025\/03\/26-768x431.jpg 768w, https:\/\/www.df-advisory.com\/wp-content\/uploads\/2025\/03\/26-18x10.jpg 18w\" sizes=\"(max-width: 1024px) 100vw, 1024px\" \/>\t\t\t\t\t\t\t\t\t\t\t\t\t\t\t<\/div>\n\t\t\t\t<\/div>\n\t\t\t\t<\/div>\n\t\t\t\t\t<\/div>\n\t\t\t\t<\/div>\n\t\t<div class=\"elementor-element elementor-element-17230672 e-flex e-con-boxed wpr-particle-no wpr-jarallax-no wpr-parallax-no wpr-sticky-section-no e-con e-parent\" data-id=\"17230672\" data-element_type=\"container\" data-settings=\"{&quot;background_background&quot;:&quot;classic&quot;}\">\n\t\t\t\t\t<div class=\"e-con-inner\">\n\t\t<div class=\"elementor-element elementor-element-47a7aaa2 e-con-full e-flex wpr-particle-no wpr-jarallax-no wpr-parallax-no wpr-sticky-section-no e-con e-child\" data-id=\"47a7aaa2\" data-element_type=\"container\">\n\t\t\t\t<div class=\"elementor-element elementor-element-3aa5d5a2 elementor-invisible elementor-widget elementor-widget-heading\" data-id=\"3aa5d5a2\" data-element_type=\"widget\" data-settings=\"{&quot;_animation&quot;:&quot;slideInLeft&quot;,&quot;_animation_delay&quot;:500}\" data-widget_type=\"heading.default\">\n\t\t\t\t<div class=\"elementor-widget-container\">\n\t\t\t\t\t<h2 class=\"elementor-heading-title elementor-size-default translation-block\">Evaluation &amp; <br>Performance Monitoring<\/h2>\t\t\t\t<\/div>\n\t\t\t\t<\/div>\n\t\t\t\t<div class=\"elementor-element elementor-element-5c954b43 elementor-widget__width-initial animated-slow elementor-invisible elementor-widget elementor-widget-text-editor\" data-id=\"5c954b43\" data-element_type=\"widget\" data-settings=\"{&quot;_animation&quot;:&quot;slideInLeft&quot;,&quot;_animation_delay&quot;:600}\" data-widget_type=\"text-editor.default\">\n\t\t\t\t<div class=\"elementor-widget-container\">\n\t\t\t\t\t\t\t\t\t<p>At DFA, we mobilize resources and expertise with the sole aim of\ngenerating a positive impact on organizations, communities, and the environment. We\nalso place great importance on measuring the results of our actions and those of the\nprojects in which we are involved. Furthermore, we are committed to supporting\ngovernments, businesses, and other organizations in : <br>\n- defining and monitoring performance indicators for their actions; <br>\n- And designing and implementing adjustment plans when necessary.<\/p>\t\t\t\t\t\t\t\t<\/div>\n\t\t\t\t<\/div>\n\t\t\t\t<div class=\"elementor-element elementor-element-11e7b1e6 elementor-absolute animated-slow elementor-invisible elementor-widget elementor-widget-image\" data-id=\"11e7b1e6\" data-element_type=\"widget\" data-settings=\"{&quot;_position&quot;:&quot;absolute&quot;,&quot;_animation&quot;:&quot;zoomIn&quot;,&quot;_animation_delay&quot;:500}\" data-widget_type=\"image.default\">\n\t\t\t\t<div class=\"elementor-widget-container\">\n\t\t\t\t\t\t\t\t\t\t\t\t\t\t\t<img decoding=\"async\" width=\"369\" height=\"111\" src=\"https:\/\/www.df-advisory.com\/wp-content\/uploads\/2025\/02\/cercle.png\" class=\"attachment-large size-large wp-image-1413\" alt=\"\" srcset=\"https:\/\/www.df-advisory.com\/wp-content\/uploads\/2025\/02\/cercle.png 369w, https:\/\/www.df-advisory.com\/wp-content\/uploads\/2025\/02\/cercle-300x90.png 300w, https:\/\/www.df-advisory.com\/wp-content\/uploads\/2025\/02\/cercle-18x5.png 18w\" sizes=\"(max-width: 369px) 100vw, 369px\" \/>\t\t\t\t\t\t\t\t\t\t\t\t\t\t\t<\/div>\n\t\t\t\t<\/div>\n\t\t\t\t<\/div>\n\t\t<div class=\"elementor-element elementor-element-7c297e3c e-con-full e-flex wpr-particle-no wpr-jarallax-no wpr-parallax-no wpr-sticky-section-no e-con e-child\" data-id=\"7c297e3c\" data-element_type=\"container\" data-settings=\"{&quot;background_background&quot;:&quot;classic&quot;}\">\n\t\t\t\t<div class=\"elementor-element elementor-element-2aec21b3 animated-slow elementor-invisible elementor-widget elementor-widget-image\" data-id=\"2aec21b3\" data-element_type=\"widget\" data-settings=\"{&quot;_animation&quot;:&quot;slideInRight&quot;,&quot;_animation_delay&quot;:500}\" data-widget_type=\"image.default\">\n\t\t\t\t<div class=\"elementor-widget-container\">\n\t\t\t\t\t\t\t\t\t\t\t\t\t\t\t<img loading=\"lazy\" decoding=\"async\" width=\"1024\" height=\"574\" src=\"https:\/\/www.df-advisory.com\/wp-content\/uploads\/2025\/03\/evaluation-et-controle.jpg\" class=\"attachment-large size-large wp-image-1989\" alt=\"\" srcset=\"https:\/\/www.df-advisory.com\/wp-content\/uploads\/2025\/03\/evaluation-et-controle.jpg 1024w, https:\/\/www.df-advisory.com\/wp-content\/uploads\/2025\/03\/evaluation-et-controle-300x168.jpg 300w, https:\/\/www.df-advisory.com\/wp-content\/uploads\/2025\/03\/evaluation-et-controle-768x431.jpg 768w, https:\/\/www.df-advisory.com\/wp-content\/uploads\/2025\/03\/evaluation-et-controle-18x10.jpg 18w\" sizes=\"(max-width: 1024px) 100vw, 1024px\" \/>\t\t\t\t\t\t\t\t\t\t\t\t\t\t\t<\/div>\n\t\t\t\t<\/div>\n\t\t\t\t<\/div>\n\t\t\t\t\t<\/div>\n\t\t\t\t<\/div>\n\t\t<div class=\"elementor-element elementor-element-5e1bc6e0 e-flex e-con-boxed wpr-particle-no wpr-jarallax-no wpr-parallax-no wpr-sticky-section-no e-con e-parent\" data-id=\"5e1bc6e0\" data-element_type=\"container\" data-settings=\"{&quot;background_background&quot;:&quot;classic&quot;}\">\n\t\t\t\t\t<div class=\"e-con-inner\">\n\t\t<div class=\"elementor-element elementor-element-752c914a e-con-full e-flex wpr-particle-no wpr-jarallax-no wpr-parallax-no wpr-sticky-section-no e-con e-child\" data-id=\"752c914a\" data-element_type=\"container\">\n\t\t\t\t<div class=\"elementor-element elementor-element-4aa3068d elementor-widget__width-initial animated-slow elementor-invisible elementor-widget elementor-widget-heading\" data-id=\"4aa3068d\" data-element_type=\"widget\" data-settings=\"{&quot;_animation&quot;:&quot;slideInRight&quot;,&quot;_animation_delay&quot;:500}\" data-widget_type=\"heading.default\">\n\t\t\t\t<div class=\"elementor-widget-container\">\n\t\t\t\t\t<h2 class=\"elementor-heading-title elementor-size-default translation-block\">Monitoring and Reporting<\/h2>\t\t\t\t<\/div>\n\t\t\t\t<\/div>\n\t\t\t\t<div class=\"elementor-element elementor-element-5dee7721 elementor-widget__width-initial animated-slow elementor-widget-mobile__width-inherit elementor-invisible elementor-widget elementor-widget-text-editor\" data-id=\"5dee7721\" data-element_type=\"widget\" data-settings=\"{&quot;_animation&quot;:&quot;slideInRight&quot;,&quot;_animation_delay&quot;:600}\" data-widget_type=\"text-editor.default\">\n\t\t\t\t<div class=\"elementor-widget-container\">\n\t\t\t\t\t\t\t\t\t<p>We conduct allocation and impact reporting for funders and\npartners, ensuring transparency and accountability throughout the project cycle.;<\/p>\t\t\t\t\t\t\t\t<\/div>\n\t\t\t\t<\/div>\n\t\t\t\t<div class=\"elementor-element elementor-element-18cb6765 elementor-absolute animated-slow elementor-invisible elementor-widget elementor-widget-image\" data-id=\"18cb6765\" data-element_type=\"widget\" data-settings=\"{&quot;_position&quot;:&quot;absolute&quot;,&quot;_animation&quot;:&quot;zoomIn&quot;,&quot;_animation_delay&quot;:500}\" data-widget_type=\"image.default\">\n\t\t\t\t<div class=\"elementor-widget-container\">\n\t\t\t\t\t\t\t\t\t\t\t\t\t\t\t<img decoding=\"async\" width=\"369\" height=\"111\" src=\"https:\/\/www.df-advisory.com\/wp-content\/uploads\/2025\/02\/cercle.png\" class=\"attachment-large size-large wp-image-1413\" alt=\"\" srcset=\"https:\/\/www.df-advisory.com\/wp-content\/uploads\/2025\/02\/cercle.png 369w, https:\/\/www.df-advisory.com\/wp-content\/uploads\/2025\/02\/cercle-300x90.png 300w, https:\/\/www.df-advisory.com\/wp-content\/uploads\/2025\/02\/cercle-18x5.png 18w\" sizes=\"(max-width: 369px) 100vw, 369px\" \/>\t\t\t\t\t\t\t\t\t\t\t\t\t\t\t<\/div>\n\t\t\t\t<\/div>\n\t\t\t\t<\/div>\n\t\t<div class=\"elementor-element elementor-element-18414a42 e-con-full e-flex wpr-particle-no wpr-jarallax-no wpr-parallax-no wpr-sticky-section-no e-con e-child\" data-id=\"18414a42\" data-element_type=\"container\" data-settings=\"{&quot;background_background&quot;:&quot;classic&quot;}\">\n\t\t\t\t<div class=\"elementor-element elementor-element-16da4cb2 animated-slow elementor-invisible elementor-widget elementor-widget-image\" data-id=\"16da4cb2\" data-element_type=\"widget\" data-settings=\"{&quot;_animation&quot;:&quot;slideInLeft&quot;,&quot;_animation_delay&quot;:500}\" data-widget_type=\"image.default\">\n\t\t\t\t<div class=\"elementor-widget-container\">\n\t\t\t\t\t\t\t\t\t\t\t\t\t\t\t<img loading=\"lazy\" decoding=\"async\" width=\"1024\" height=\"574\" src=\"https:\/\/www.df-advisory.com\/wp-content\/uploads\/2025\/02\/Suivi-et-reporting-1024x574.png\" class=\"attachment-large size-large wp-image-1765\" alt=\"\" srcset=\"https:\/\/www.df-advisory.com\/wp-content\/uploads\/2025\/02\/Suivi-et-reporting-1024x574.png 1024w, https:\/\/www.df-advisory.com\/wp-content\/uploads\/2025\/02\/Suivi-et-reporting-300x168.png 300w, https:\/\/www.df-advisory.com\/wp-content\/uploads\/2025\/02\/Suivi-et-reporting-768x430.png 768w, https:\/\/www.df-advisory.com\/wp-content\/uploads\/2025\/02\/Suivi-et-reporting-18x10.png 18w, https:\/\/www.df-advisory.com\/wp-content\/uploads\/2025\/02\/Suivi-et-reporting.png 1453w\" sizes=\"(max-width: 1024px) 100vw, 1024px\" \/>\t\t\t\t\t\t\t\t\t\t\t\t\t\t\t<\/div>\n\t\t\t\t<\/div>\n\t\t\t\t<\/div>\n\t\t\t\t\t<\/div>\n\t\t\t\t<\/div>\n\t\t\t\t<\/div>","protected":false},"excerpt":{"rendered":"<p>Nous nous appliquons \u00e0 apporter \u00e0 nos clients, des solutions compl\u00e8tes en strat\u00e9gie d&rsquo;affaires et en ing\u00e9nierie de projets, avec le souci permanent d\u2019additionnalit\u00e9 et de durabilit\u00e9. Nous transformons la vision de nos clients entreprises et institutionnels en strat\u00e9gies claires et en projets r\u00e9alistes, bancables et durables. Nous les accompagnons ensuite dans leur mise en \u0153uvre et les activit\u00e9s de reporting. Conception et Planification L&rsquo;un des principaux freins \u00e0 l&rsquo;acc\u00e8s aux financements en Afrique est le faible niveau de maturit\u00e9 des projets soumis \u00e0 financement.Notre offre de conseils en conception et planification permet d&rsquo;accompagner les entreprises et les Etats dans la mat\u00e9rialisation de leurs ambitions en plans strat\u00e9giques et en projets matures, lisibles et compr\u00e9hensibles pour les investisseurs. Ex\u00e9cution et supervision Le suivi de l&rsquo;ex\u00e9cution des projets et programmes peut parfois repr\u00e9senter un d\u00e9fi au regard des attentes des diff\u00e9rentes parties prenantes.Nos interventions dans ce domaine visent \u00e0 apporter un support en termes de management des processus et de supervision des engagements afin d&rsquo;assurer une fluidit\u00e9 d&rsquo;ex\u00e9cution et d&rsquo;aligner les objectifs du projet aux exigences de toutes les parties prenantes. Evaluation et Contr\u00f4le Chez DFA, nous mobilisons les ressources et les expertises dans le but exclusif de g\u00e9n\u00e9rer un impact positif sur les organisations, les communaut\u00e9s et l&rsquo;environnement. Aussi, attachons-nous du prix \u00e0 la mesure des r\u00e9sultats de nos actions et de celles des projets sur lesquels intervenons. Par ailleurs, nous mettons notre engagement au service des Gouvernements, des entreprises et autres organisations pour les accompagner dans : &#8211; la d\u00e9finition et le suivi des indicateurs de performance de leurs actions ; &#8211; et l&rsquo;\u00e9laboration et la mise en \u0153uvre de plans d&rsquo;ajustement le cas \u00e9ch\u00e9ant. Suivi et reporting Nous effectuons pour le compte des bailleurs, les reporting d&rsquo;allocation et les reporting d&rsquo;impact des projets financ\u00e9s.<\/p>","protected":false},"author":1,"featured_media":0,"parent":0,"menu_order":0,"comment_status":"closed","ping_status":"closed","template":"elementor_header_footer","meta":{"ocean_post_layout":"","ocean_both_sidebars_style":"","ocean_both_sidebars_content_width":0,"ocean_both_sidebars_sidebars_width":0,"ocean_sidebar":"","ocean_second_sidebar":"","ocean_disable_margins":"enable","ocean_add_body_class":"","ocean_shortcode_before_top_bar":"","ocean_shortcode_after_top_bar":"","ocean_shortcode_before_header":"","ocean_shortcode_after_header":"","ocean_has_shortcode":"","ocean_shortcode_after_title":"","ocean_shortcode_before_footer_widgets":"","ocean_shortcode_after_footer_widgets":"","ocean_shortcode_before_footer_bottom":"","ocean_shortcode_after_footer_bottom":"","ocean_display_top_bar":"default","ocean_display_header":"default","ocean_header_style":"","ocean_center_header_left_menu":"","ocean_custom_header_template":"","ocean_custom_logo":0,"ocean_custom_retina_logo":0,"ocean_custom_logo_max_width":0,"ocean_custom_logo_tablet_max_width":0,"ocean_custom_logo_mobile_max_width":0,"ocean_custom_logo_max_height":0,"ocean_custom_logo_tablet_max_height":0,"ocean_custom_logo_mobile_max_height":0,"ocean_header_custom_menu":"","ocean_menu_typo_font_family":"","ocean_menu_typo_font_subset":"","ocean_menu_typo_font_size":0,"ocean_menu_typo_font_size_tablet":0,"ocean_menu_typo_font_size_mobile":0,"ocean_menu_typo_font_size_unit":"px","ocean_menu_typo_font_weight":"","ocean_menu_typo_font_weight_tablet":"","ocean_menu_typo_font_weight_mobile":"","ocean_menu_typo_transform":"","ocean_menu_typo_transform_tablet":"","ocean_menu_typo_transform_mobile":"","ocean_menu_typo_line_height":0,"ocean_menu_typo_line_height_tablet":0,"ocean_menu_typo_line_height_mobile":0,"ocean_menu_typo_line_height_unit":"","ocean_menu_typo_spacing":0,"ocean_menu_typo_spacing_tablet":0,"ocean_menu_typo_spacing_mobile":0,"ocean_menu_typo_spacing_unit":"","ocean_menu_link_color":"","ocean_menu_link_color_hover":"","ocean_menu_link_color_active":"","ocean_menu_link_background":"","ocean_menu_link_hover_background":"","ocean_menu_link_active_background":"","ocean_menu_social_links_bg":"","ocean_menu_social_hover_links_bg":"","ocean_menu_social_links_color":"","ocean_menu_social_hover_links_color":"","ocean_disable_title":"default","ocean_disable_heading":"default","ocean_post_title":"","ocean_post_subheading":"","ocean_post_title_style":"","ocean_post_title_background_color":"","ocean_post_title_background":0,"ocean_post_title_bg_image_position":"","ocean_post_title_bg_image_attachment":"","ocean_post_title_bg_image_repeat":"","ocean_post_title_bg_image_size":"","ocean_post_title_height":0,"ocean_post_title_bg_overlay":0.5,"ocean_post_title_bg_overlay_color":"","ocean_disable_breadcrumbs":"default","ocean_breadcrumbs_color":"","ocean_breadcrumbs_separator_color":"","ocean_breadcrumbs_links_color":"","ocean_breadcrumbs_links_hover_color":"","ocean_display_footer_widgets":"default","ocean_display_footer_bottom":"default","ocean_custom_footer_template":"","footnotes":""},"class_list":["post-1593","page","type-page","status-publish","hentry","entry"],"_links":{"self":[{"href":"https:\/\/www.df-advisory.com\/en\/wp-json\/wp\/v2\/pages\/1593","targetHints":{"allow":["GET"]}}],"collection":[{"href":"https:\/\/www.df-advisory.com\/en\/wp-json\/wp\/v2\/pages"}],"about":[{"href":"https:\/\/www.df-advisory.com\/en\/wp-json\/wp\/v2\/types\/page"}],"author":[{"embeddable":true,"href":"https:\/\/www.df-advisory.com\/en\/wp-json\/wp\/v2\/users\/1"}],"replies":[{"embeddable":true,"href":"https:\/\/www.df-advisory.com\/en\/wp-json\/wp\/v2\/comments?post=1593"}],"version-history":[{"count":41,"href":"https:\/\/www.df-advisory.com\/en\/wp-json\/wp\/v2\/pages\/1593\/revisions"}],"predecessor-version":[{"id":2319,"href":"https:\/\/www.df-advisory.com\/en\/wp-json\/wp\/v2\/pages\/1593\/revisions\/2319"}],"wp:attachment":[{"href":"https:\/\/www.df-advisory.com\/en\/wp-json\/wp\/v2\/media?parent=1593"}],"curies":[{"name":"wp","href":"https:\/\/api.w.org\/{rel}","templated":true}]}}