{"id":1607,"date":"2025-02-16T21:49:12","date_gmt":"2025-02-16T21:49:12","guid":{"rendered":"https:\/\/www.df-advisory.com\/?page_id=1607"},"modified":"2025-03-29T10:52:40","modified_gmt":"2025-03-29T10:52:40","slug":"gouvernancees","status":"publish","type":"page","link":"https:\/\/www.df-advisory.com\/en\/gouvernancees\/","title":{"rendered":"E&amp;S Governance &amp; Strategy Consulting"},"content":{"rendered":"<div data-elementor-type=\"wp-page\" data-elementor-id=\"1607\" class=\"elementor elementor-1607\" data-elementor-post-type=\"page\">\n\t\t\t\t<div class=\"elementor-element elementor-element-e5c3edd e-flex e-con-boxed wpr-particle-no wpr-jarallax-no wpr-parallax-no wpr-sticky-section-no e-con e-parent\" data-id=\"e5c3edd\" data-element_type=\"container\">\n\t\t\t\t\t<div class=\"e-con-inner\">\n\t\t<div class=\"elementor-element elementor-element-8b7c581 e-con-full e-flex wpr-particle-no wpr-jarallax-no wpr-parallax-no wpr-sticky-section-no e-con e-child\" data-id=\"8b7c581\" data-element_type=\"container\">\n\t\t\t\t<div class=\"elementor-element elementor-element-d5eda77 elementor-widget__width-initial animated-slow elementor-invisible elementor-widget elementor-widget-text-editor\" data-id=\"d5eda77\" data-element_type=\"widget\" data-settings=\"{&quot;_animation&quot;:&quot;slideInLeft&quot;,&quot;_animation_delay&quot;:500}\" data-widget_type=\"text-editor.default\">\n\t\t\t\t<div class=\"elementor-widget-container\">\n\t\t\t\t\t\t\t\t\t<p>We support you in drawing up your internal transformation plans and managing your change policies, to align your processes and organization with environmental, social and governance requirements.<\/p>\t\t\t\t\t\t\t\t<\/div>\n\t\t\t\t<\/div>\n\t\t\t\t<\/div>\n\t\t\t\t\t<\/div>\n\t\t\t\t<\/div>\n\t\t<div class=\"elementor-element elementor-element-787932bc e-flex e-con-boxed wpr-particle-no wpr-jarallax-no wpr-parallax-no wpr-sticky-section-no e-con e-parent\" data-id=\"787932bc\" data-element_type=\"container\" data-settings=\"{&quot;background_background&quot;:&quot;classic&quot;}\">\n\t\t\t\t\t<div class=\"e-con-inner\">\n\t\t<div class=\"elementor-element elementor-element-1e473851 e-con-full e-flex wpr-particle-no wpr-jarallax-no wpr-parallax-no wpr-sticky-section-no e-con e-child\" data-id=\"1e473851\" data-element_type=\"container\">\n\t\t\t\t<div class=\"elementor-element elementor-element-88d55e5 elementor-invisible elementor-widget elementor-widget-heading\" data-id=\"88d55e5\" data-element_type=\"widget\" data-settings=\"{&quot;_animation&quot;:&quot;slideInLeft&quot;,&quot;_animation_delay&quot;:500}\" data-widget_type=\"heading.default\">\n\t\t\t\t<div class=\"elementor-widget-container\">\n\t\t\t\t\t<h2 class=\"elementor-heading-title elementor-size-default translation-block\">Due diligence<br> (ESG Assessment <br>&amp; Gap analysis)<\/h2>\t\t\t\t<\/div>\n\t\t\t\t<\/div>\n\t\t\t\t<div class=\"elementor-element elementor-element-5def71c4 elementor-absolute animated-slow elementor-invisible elementor-widget elementor-widget-image\" data-id=\"5def71c4\" data-element_type=\"widget\" data-settings=\"{&quot;_position&quot;:&quot;absolute&quot;,&quot;_animation&quot;:&quot;zoomIn&quot;,&quot;_animation_delay&quot;:500}\" data-widget_type=\"image.default\">\n\t\t\t\t<div class=\"elementor-widget-container\">\n\t\t\t\t\t\t\t\t\t\t\t\t\t\t\t<img decoding=\"async\" width=\"369\" height=\"111\" src=\"https:\/\/www.df-advisory.com\/wp-content\/uploads\/2025\/02\/cercle.png\" class=\"attachment-large size-large wp-image-1413\" alt=\"\" srcset=\"https:\/\/www.df-advisory.com\/wp-content\/uploads\/2025\/02\/cercle.png 369w, https:\/\/www.df-advisory.com\/wp-content\/uploads\/2025\/02\/cercle-300x90.png 300w, https:\/\/www.df-advisory.com\/wp-content\/uploads\/2025\/02\/cercle-18x5.png 18w\" sizes=\"(max-width: 369px) 100vw, 369px\" \/>\t\t\t\t\t\t\t\t\t\t\t\t\t\t\t<\/div>\n\t\t\t\t<\/div>\n\t\t\t\t<\/div>\n\t\t<div class=\"elementor-element elementor-element-7fac3c8c e-con-full e-flex wpr-particle-no wpr-jarallax-no wpr-parallax-no wpr-sticky-section-no e-con e-child\" data-id=\"7fac3c8c\" data-element_type=\"container\" data-settings=\"{&quot;background_background&quot;:&quot;classic&quot;}\">\n\t\t\t\t<div class=\"elementor-element elementor-element-7677c686 animated-slow elementor-invisible elementor-widget elementor-widget-image\" data-id=\"7677c686\" data-element_type=\"widget\" data-settings=\"{&quot;_animation&quot;:&quot;slideInRight&quot;,&quot;_animation_delay&quot;:500}\" data-widget_type=\"image.default\">\n\t\t\t\t<div class=\"elementor-widget-container\">\n\t\t\t\t\t\t\t\t\t\t\t\t\t\t\t<img fetchpriority=\"high\" decoding=\"async\" width=\"1024\" height=\"574\" src=\"https:\/\/www.df-advisory.com\/wp-content\/uploads\/2025\/03\/5.jpg\" class=\"attachment-large size-large wp-image-1960\" alt=\"\" srcset=\"https:\/\/www.df-advisory.com\/wp-content\/uploads\/2025\/03\/5.jpg 1024w, https:\/\/www.df-advisory.com\/wp-content\/uploads\/2025\/03\/5-300x168.jpg 300w, https:\/\/www.df-advisory.com\/wp-content\/uploads\/2025\/03\/5-768x431.jpg 768w, https:\/\/www.df-advisory.com\/wp-content\/uploads\/2025\/03\/5-18x10.jpg 18w\" sizes=\"(max-width: 1024px) 100vw, 1024px\" \/>\t\t\t\t\t\t\t\t\t\t\t\t\t\t\t<\/div>\n\t\t\t\t<\/div>\n\t\t\t\t<\/div>\n\t\t\t\t\t<\/div>\n\t\t\t\t<\/div>\n\t\t<div class=\"elementor-element elementor-element-668d07c e-flex e-con-boxed wpr-particle-no wpr-jarallax-no wpr-parallax-no wpr-sticky-section-no e-con e-parent\" data-id=\"668d07c\" data-element_type=\"container\" data-settings=\"{&quot;background_background&quot;:&quot;classic&quot;}\">\n\t\t\t\t\t<div class=\"e-con-inner\">\n\t\t<div class=\"elementor-element elementor-element-cdb68de e-con-full e-flex wpr-particle-no wpr-jarallax-no wpr-parallax-no wpr-sticky-section-no e-con e-child\" data-id=\"cdb68de\" data-element_type=\"container\">\n\t\t\t\t<div class=\"elementor-element elementor-element-187bff6 animated-slow elementor-widget__width-initial elementor-invisible elementor-widget elementor-widget-heading\" data-id=\"187bff6\" data-element_type=\"widget\" data-settings=\"{&quot;_animation&quot;:&quot;slideInRight&quot;,&quot;_animation_delay&quot;:500}\" data-widget_type=\"heading.default\">\n\t\t\t\t<div class=\"elementor-widget-container\">\n\t\t\t\t\t<h2 class=\"elementor-heading-title elementor-size-default\">Design, implementation, monitoring, and reporting of ESG\nmanagement plans\n<\/h2>\t\t\t\t<\/div>\n\t\t\t\t<\/div>\n\t\t\t\t<div class=\"elementor-element elementor-element-a5cb1db elementor-absolute animated-slow elementor-invisible elementor-widget elementor-widget-image\" data-id=\"a5cb1db\" data-element_type=\"widget\" data-settings=\"{&quot;_position&quot;:&quot;absolute&quot;,&quot;_animation&quot;:&quot;zoomIn&quot;,&quot;_animation_delay&quot;:500}\" data-widget_type=\"image.default\">\n\t\t\t\t<div class=\"elementor-widget-container\">\n\t\t\t\t\t\t\t\t\t\t\t\t\t\t\t<img decoding=\"async\" width=\"369\" height=\"111\" src=\"https:\/\/www.df-advisory.com\/wp-content\/uploads\/2025\/02\/cercle.png\" class=\"attachment-large size-large wp-image-1413\" alt=\"\" srcset=\"https:\/\/www.df-advisory.com\/wp-content\/uploads\/2025\/02\/cercle.png 369w, https:\/\/www.df-advisory.com\/wp-content\/uploads\/2025\/02\/cercle-300x90.png 300w, https:\/\/www.df-advisory.com\/wp-content\/uploads\/2025\/02\/cercle-18x5.png 18w\" sizes=\"(max-width: 369px) 100vw, 369px\" \/>\t\t\t\t\t\t\t\t\t\t\t\t\t\t\t<\/div>\n\t\t\t\t<\/div>\n\t\t\t\t<\/div>\n\t\t<div class=\"elementor-element elementor-element-618e461 e-con-full e-flex wpr-particle-no wpr-jarallax-no wpr-parallax-no wpr-sticky-section-no e-con e-child\" data-id=\"618e461\" data-element_type=\"container\" data-settings=\"{&quot;background_background&quot;:&quot;classic&quot;}\">\n\t\t\t\t<div class=\"elementor-element elementor-element-7950257 animated-slow elementor-invisible elementor-widget elementor-widget-image\" data-id=\"7950257\" data-element_type=\"widget\" data-settings=\"{&quot;_animation&quot;:&quot;slideInLeft&quot;,&quot;_animation_delay&quot;:500}\" data-widget_type=\"image.default\">\n\t\t\t\t<div class=\"elementor-widget-container\">\n\t\t\t\t\t\t\t\t\t\t\t\t\t\t\t<img decoding=\"async\" width=\"1024\" height=\"574\" src=\"https:\/\/www.df-advisory.com\/wp-content\/uploads\/2025\/03\/Sans-titre-1.jpg\" class=\"attachment-large size-large wp-image-1990\" alt=\"\" srcset=\"https:\/\/www.df-advisory.com\/wp-content\/uploads\/2025\/03\/Sans-titre-1.jpg 1024w, https:\/\/www.df-advisory.com\/wp-content\/uploads\/2025\/03\/Sans-titre-1-300x168.jpg 300w, https:\/\/www.df-advisory.com\/wp-content\/uploads\/2025\/03\/Sans-titre-1-768x431.jpg 768w, https:\/\/www.df-advisory.com\/wp-content\/uploads\/2025\/03\/Sans-titre-1-18x10.jpg 18w\" sizes=\"(max-width: 1024px) 100vw, 1024px\" \/>\t\t\t\t\t\t\t\t\t\t\t\t\t\t\t<\/div>\n\t\t\t\t<\/div>\n\t\t\t\t<\/div>\n\t\t\t\t\t<\/div>\n\t\t\t\t<\/div>\n\t\t<div class=\"elementor-element elementor-element-e9c8bfb e-flex e-con-boxed wpr-particle-no wpr-jarallax-no wpr-parallax-no wpr-sticky-section-no e-con e-parent\" data-id=\"e9c8bfb\" data-element_type=\"container\" data-settings=\"{&quot;background_background&quot;:&quot;classic&quot;}\">\n\t\t\t\t\t<div class=\"e-con-inner\">\n\t\t<div class=\"elementor-element elementor-element-683593c e-con-full e-flex wpr-particle-no wpr-jarallax-no wpr-parallax-no wpr-sticky-section-no e-con e-child\" data-id=\"683593c\" data-element_type=\"container\">\n\t\t\t\t<div class=\"elementor-element elementor-element-c9a6569 elementor-invisible elementor-widget elementor-widget-heading\" data-id=\"c9a6569\" data-element_type=\"widget\" data-settings=\"{&quot;_animation&quot;:&quot;slideInLeft&quot;,&quot;_animation_delay&quot;:500}\" data-widget_type=\"heading.default\">\n\t\t\t\t<div class=\"elementor-widget-container\">\n\t\t\t\t\t<h2 class=\"elementor-heading-title elementor-size-default\">Support for ESG certifications and accreditations (e.g., EDGE, Low-Carbon Label, LBS, Green Climate Fund accreditation) <\/h2>\t\t\t\t<\/div>\n\t\t\t\t<\/div>\n\t\t\t\t<div class=\"elementor-element elementor-element-d45efb6 elementor-absolute animated-slow elementor-invisible elementor-widget elementor-widget-image\" data-id=\"d45efb6\" data-element_type=\"widget\" data-settings=\"{&quot;_position&quot;:&quot;absolute&quot;,&quot;_animation&quot;:&quot;zoomIn&quot;,&quot;_animation_delay&quot;:500}\" data-widget_type=\"image.default\">\n\t\t\t\t<div class=\"elementor-widget-container\">\n\t\t\t\t\t\t\t\t\t\t\t\t\t\t\t<img decoding=\"async\" width=\"369\" height=\"111\" src=\"https:\/\/www.df-advisory.com\/wp-content\/uploads\/2025\/02\/cercle.png\" class=\"attachment-large size-large wp-image-1413\" alt=\"\" srcset=\"https:\/\/www.df-advisory.com\/wp-content\/uploads\/2025\/02\/cercle.png 369w, https:\/\/www.df-advisory.com\/wp-content\/uploads\/2025\/02\/cercle-300x90.png 300w, https:\/\/www.df-advisory.com\/wp-content\/uploads\/2025\/02\/cercle-18x5.png 18w\" sizes=\"(max-width: 369px) 100vw, 369px\" \/>\t\t\t\t\t\t\t\t\t\t\t\t\t\t\t<\/div>\n\t\t\t\t<\/div>\n\t\t\t\t<\/div>\n\t\t<div class=\"elementor-element elementor-element-69e1e82 e-con-full e-flex wpr-particle-no wpr-jarallax-no wpr-parallax-no wpr-sticky-section-no e-con e-child\" data-id=\"69e1e82\" data-element_type=\"container\" data-settings=\"{&quot;background_background&quot;:&quot;classic&quot;}\">\n\t\t\t\t<div class=\"elementor-element elementor-element-7ddd218 animated-slow elementor-invisible elementor-widget elementor-widget-image\" data-id=\"7ddd218\" data-element_type=\"widget\" data-settings=\"{&quot;_animation&quot;:&quot;slideInRight&quot;,&quot;_animation_delay&quot;:500}\" data-widget_type=\"image.default\">\n\t\t\t\t<div class=\"elementor-widget-container\">\n\t\t\t\t\t\t\t\t\t\t\t\t\t\t\t<img loading=\"lazy\" decoding=\"async\" width=\"1024\" height=\"574\" src=\"https:\/\/www.df-advisory.com\/wp-content\/uploads\/2025\/03\/27.jpg\" class=\"attachment-large size-large wp-image-1991\" alt=\"\" srcset=\"https:\/\/www.df-advisory.com\/wp-content\/uploads\/2025\/03\/27.jpg 1024w, https:\/\/www.df-advisory.com\/wp-content\/uploads\/2025\/03\/27-300x168.jpg 300w, https:\/\/www.df-advisory.com\/wp-content\/uploads\/2025\/03\/27-768x431.jpg 768w, https:\/\/www.df-advisory.com\/wp-content\/uploads\/2025\/03\/27-18x10.jpg 18w\" sizes=\"(max-width: 1024px) 100vw, 1024px\" \/>\t\t\t\t\t\t\t\t\t\t\t\t\t\t\t<\/div>\n\t\t\t\t<\/div>\n\t\t\t\t<\/div>\n\t\t\t\t\t<\/div>\n\t\t\t\t<\/div>\n\t\t<div class=\"elementor-element elementor-element-5066c42 e-flex e-con-boxed wpr-particle-no wpr-jarallax-no wpr-parallax-no wpr-sticky-section-no e-con e-parent\" data-id=\"5066c42\" data-element_type=\"container\" data-settings=\"{&quot;background_background&quot;:&quot;classic&quot;}\">\n\t\t\t\t\t<div class=\"e-con-inner\">\n\t\t<div class=\"elementor-element elementor-element-e784db2 e-con-full e-flex wpr-particle-no wpr-jarallax-no wpr-parallax-no wpr-sticky-section-no e-con e-child\" data-id=\"e784db2\" data-element_type=\"container\">\n\t\t\t\t<div class=\"elementor-element elementor-element-1a41d8d animated-slow elementor-widget__width-initial elementor-invisible elementor-widget elementor-widget-heading\" data-id=\"1a41d8d\" data-element_type=\"widget\" data-settings=\"{&quot;_animation&quot;:&quot;slideInRight&quot;,&quot;_animation_delay&quot;:500}\" data-widget_type=\"heading.default\">\n\t\t\t\t<div class=\"elementor-widget-container\">\n\t\t\t\t\t<h2 class=\"elementor-heading-title elementor-size-default\">Deployment of ESG expert consultants and technical assistance\nresources<\/h2>\t\t\t\t<\/div>\n\t\t\t\t<\/div>\n\t\t\t\t<div class=\"elementor-element elementor-element-ce5a02c elementor-absolute animated-slow elementor-invisible elementor-widget elementor-widget-image\" data-id=\"ce5a02c\" data-element_type=\"widget\" data-settings=\"{&quot;_position&quot;:&quot;absolute&quot;,&quot;_animation&quot;:&quot;zoomIn&quot;,&quot;_animation_delay&quot;:500}\" data-widget_type=\"image.default\">\n\t\t\t\t<div class=\"elementor-widget-container\">\n\t\t\t\t\t\t\t\t\t\t\t\t\t\t\t<img decoding=\"async\" width=\"369\" height=\"111\" src=\"https:\/\/www.df-advisory.com\/wp-content\/uploads\/2025\/02\/cercle.png\" class=\"attachment-large size-large wp-image-1413\" alt=\"\" srcset=\"https:\/\/www.df-advisory.com\/wp-content\/uploads\/2025\/02\/cercle.png 369w, https:\/\/www.df-advisory.com\/wp-content\/uploads\/2025\/02\/cercle-300x90.png 300w, https:\/\/www.df-advisory.com\/wp-content\/uploads\/2025\/02\/cercle-18x5.png 18w\" sizes=\"(max-width: 369px) 100vw, 369px\" \/>\t\t\t\t\t\t\t\t\t\t\t\t\t\t\t<\/div>\n\t\t\t\t<\/div>\n\t\t\t\t<\/div>\n\t\t<div class=\"elementor-element elementor-element-9f7cf19 e-con-full e-flex wpr-particle-no wpr-jarallax-no wpr-parallax-no wpr-sticky-section-no e-con e-child\" data-id=\"9f7cf19\" data-element_type=\"container\" data-settings=\"{&quot;background_background&quot;:&quot;classic&quot;}\">\n\t\t\t\t<div class=\"elementor-element elementor-element-dffa7d3 animated-slow elementor-invisible elementor-widget elementor-widget-image\" data-id=\"dffa7d3\" data-element_type=\"widget\" data-settings=\"{&quot;_animation&quot;:&quot;slideInLeft&quot;,&quot;_animation_delay&quot;:500}\" data-widget_type=\"image.default\">\n\t\t\t\t<div class=\"elementor-widget-container\">\n\t\t\t\t\t\t\t\t\t\t\t\t\t\t\t<img loading=\"lazy\" decoding=\"async\" width=\"1024\" height=\"574\" src=\"https:\/\/www.df-advisory.com\/wp-content\/uploads\/2025\/03\/4.jpg\" class=\"attachment-large size-large wp-image-1959\" alt=\"\" srcset=\"https:\/\/www.df-advisory.com\/wp-content\/uploads\/2025\/03\/4.jpg 1024w, https:\/\/www.df-advisory.com\/wp-content\/uploads\/2025\/03\/4-300x168.jpg 300w, https:\/\/www.df-advisory.com\/wp-content\/uploads\/2025\/03\/4-768x431.jpg 768w, https:\/\/www.df-advisory.com\/wp-content\/uploads\/2025\/03\/4-18x10.jpg 18w\" sizes=\"(max-width: 1024px) 100vw, 1024px\" \/>\t\t\t\t\t\t\t\t\t\t\t\t\t\t\t<\/div>\n\t\t\t\t<\/div>\n\t\t\t\t<\/div>\n\t\t\t\t\t<\/div>\n\t\t\t\t<\/div>\n\t\t\t\t<\/div>","protected":false},"excerpt":{"rendered":"<p>Nous vous accompagnons dans l&rsquo;\u00e9laboration de vos plans de transformation interne et la conduite de vos politiques de changement, afin d&rsquo;aligner vos processus et votre organisation aux exigences environnementales, sociales et de gouvernance. Due diligence (ESG Assessment &#038; Gap analysis) Elaboration, mise en place, suivi et reporting de Plans de gestion ESG Accompagnement \u00e0 l&rsquo;obtention de labels et certificats EGS (Edge Certificate, Label Bas Carbon, LBS,) et accr\u00e9ditation au Fonds vert Climatique D\u00e9ploiement de ressources prestataires ESG chez les clients<\/p>","protected":false},"author":1,"featured_media":0,"parent":0,"menu_order":0,"comment_status":"closed","ping_status":"closed","template":"elementor_header_footer","meta":{"ocean_post_layout":"","ocean_both_sidebars_style":"","ocean_both_sidebars_content_width":0,"ocean_both_sidebars_sidebars_width":0,"ocean_sidebar":"","ocean_second_sidebar":"","ocean_disable_margins":"enable","ocean_add_body_class":"","ocean_shortcode_before_top_bar":"","ocean_shortcode_after_top_bar":"","ocean_shortcode_before_header":"","ocean_shortcode_after_header":"","ocean_has_shortcode":"","ocean_shortcode_after_title":"","ocean_shortcode_before_footer_widgets":"","ocean_shortcode_after_footer_widgets":"","ocean_shortcode_before_footer_bottom":"","ocean_shortcode_after_footer_bottom":"","ocean_display_top_bar":"default","ocean_display_header":"default","ocean_header_style":"","ocean_center_header_left_menu":"","ocean_custom_header_template":"","ocean_custom_logo":0,"ocean_custom_retina_logo":0,"ocean_custom_logo_max_width":0,"ocean_custom_logo_tablet_max_width":0,"ocean_custom_logo_mobile_max_width":0,"ocean_custom_logo_max_height":0,"ocean_custom_logo_tablet_max_height":0,"ocean_custom_logo_mobile_max_height":0,"ocean_header_custom_menu":"","ocean_menu_typo_font_family":"","ocean_menu_typo_font_subset":"","ocean_menu_typo_font_size":0,"ocean_menu_typo_font_size_tablet":0,"ocean_menu_typo_font_size_mobile":0,"ocean_menu_typo_font_size_unit":"px","ocean_menu_typo_font_weight":"","ocean_menu_typo_font_weight_tablet":"","ocean_menu_typo_font_weight_mobile":"","ocean_menu_typo_transform":"","ocean_menu_typo_transform_tablet":"","ocean_menu_typo_transform_mobile":"","ocean_menu_typo_line_height":0,"ocean_menu_typo_line_height_tablet":0,"ocean_menu_typo_line_height_mobile":0,"ocean_menu_typo_line_height_unit":"","ocean_menu_typo_spacing":0,"ocean_menu_typo_spacing_tablet":0,"ocean_menu_typo_spacing_mobile":0,"ocean_menu_typo_spacing_unit":"","ocean_menu_link_color":"","ocean_menu_link_color_hover":"","ocean_menu_link_color_active":"","ocean_menu_link_background":"","ocean_menu_link_hover_background":"","ocean_menu_link_active_background":"","ocean_menu_social_links_bg":"","ocean_menu_social_hover_links_bg":"","ocean_menu_social_links_color":"","ocean_menu_social_hover_links_color":"","ocean_disable_title":"default","ocean_disable_heading":"default","ocean_post_title":"","ocean_post_subheading":"","ocean_post_title_style":"","ocean_post_title_background_color":"","ocean_post_title_background":0,"ocean_post_title_bg_image_position":"","ocean_post_title_bg_image_attachment":"","ocean_post_title_bg_image_repeat":"","ocean_post_title_bg_image_size":"","ocean_post_title_height":0,"ocean_post_title_bg_overlay":0.5,"ocean_post_title_bg_overlay_color":"","ocean_disable_breadcrumbs":"default","ocean_breadcrumbs_color":"","ocean_breadcrumbs_separator_color":"","ocean_breadcrumbs_links_color":"","ocean_breadcrumbs_links_hover_color":"","ocean_display_footer_widgets":"default","ocean_display_footer_bottom":"default","ocean_custom_footer_template":"","footnotes":""},"class_list":["post-1607","page","type-page","status-publish","hentry","entry"],"_links":{"self":[{"href":"https:\/\/www.df-advisory.com\/en\/wp-json\/wp\/v2\/pages\/1607","targetHints":{"allow":["GET"]}}],"collection":[{"href":"https:\/\/www.df-advisory.com\/en\/wp-json\/wp\/v2\/pages"}],"about":[{"href":"https:\/\/www.df-advisory.com\/en\/wp-json\/wp\/v2\/types\/page"}],"author":[{"embeddable":true,"href":"https:\/\/www.df-advisory.com\/en\/wp-json\/wp\/v2\/users\/1"}],"replies":[{"embeddable":true,"href":"https:\/\/www.df-advisory.com\/en\/wp-json\/wp\/v2\/comments?post=1607"}],"version-history":[{"count":43,"href":"https:\/\/www.df-advisory.com\/en\/wp-json\/wp\/v2\/pages\/1607\/revisions"}],"predecessor-version":[{"id":2235,"href":"https:\/\/www.df-advisory.com\/en\/wp-json\/wp\/v2\/pages\/1607\/revisions\/2235"}],"wp:attachment":[{"href":"https:\/\/www.df-advisory.com\/en\/wp-json\/wp\/v2\/media?parent=1607"}],"curies":[{"name":"wp","href":"https:\/\/api.w.org\/{rel}","templated":true}]}}