{"id":900,"date":"2025-01-07T19:45:04","date_gmt":"2025-01-07T19:45:04","guid":{"rendered":"https:\/\/www.df-advisory.com\/?page_id=900"},"modified":"2025-07-14T21:41:21","modified_gmt":"2025-07-14T21:41:21","slug":"nos-secteurs-dintervention","status":"publish","type":"page","link":"https:\/\/www.df-advisory.com\/en\/nos-secteurs-dintervention\/","title":{"rendered":"Nos secteurs d&rsquo;intervention"},"content":{"rendered":"<div data-elementor-type=\"wp-page\" data-elementor-id=\"900\" class=\"elementor elementor-900\" data-elementor-post-type=\"page\">\n\t\t\t\t<div class=\"elementor-element elementor-element-a0fb416 e-flex e-con-boxed wpr-particle-no wpr-jarallax-no wpr-parallax-no wpr-sticky-section-no e-con e-parent\" data-id=\"a0fb416\" data-element_type=\"container\">\n\t\t\t\t\t<div class=\"e-con-inner\">\n\t\t\t\t<div class=\"elementor-element elementor-element-e0b00a9 elementor-widget elementor-widget-spacer\" data-id=\"e0b00a9\" data-element_type=\"widget\" data-widget_type=\"spacer.default\">\n\t\t\t\t<div class=\"elementor-widget-container\">\n\t\t\t\t\t\t\t<div class=\"elementor-spacer\">\n\t\t\t<div class=\"elementor-spacer-inner\"><\/div>\n\t\t<\/div>\n\t\t\t\t\t\t<\/div>\n\t\t\t\t<\/div>\n\t\t\t\t\t<\/div>\n\t\t\t\t<\/div>\n\t\t\t\t<section class=\"elementor-section elementor-top-section elementor-element elementor-element-387c8a64 elementor-section-full_width elementor-section-height-default elementor-section-height-default wpr-particle-no wpr-jarallax-no wpr-parallax-no wpr-sticky-section-no\" data-id=\"387c8a64\" data-element_type=\"section\">\n\t\t\t\t\t\t<div class=\"elementor-container elementor-column-gap-default\">\n\t\t\t\t\t<div class=\"elementor-column elementor-col-100 elementor-top-column elementor-element elementor-element-79f6a42d\" data-id=\"79f6a42d\" data-element_type=\"column\">\n\t\t\t<div class=\"elementor-widget-wrap elementor-element-populated\">\n\t\t\t\t\t\t<div class=\"elementor-element elementor-element-79f607df elementor-widget elementor-widget-bwdads-swiperslider\" data-id=\"79f607df\" data-element_type=\"widget\" data-settings=\"{&quot;bwdads_popover_responsive_device&quot;:&quot;yes&quot;,&quot;bwdads_slide_desktop_view&quot;:3,&quot;bwdads_scroll_bar&quot;:&quot;yes&quot;,&quot;bwdads_slide_tablet_view&quot;:2,&quot;bwdads_loop_switcher&quot;:&quot;true&quot;,&quot;bwdads_mousewheel&quot;:&quot;true&quot;,&quot;bwdads_slide_speed&quot;:3000,&quot;bwdads_slider_effects&quot;:&quot;false&quot;,&quot;bwdads_coverflow_rotate&quot;:50,&quot;bwdads_coverflow_depth&quot;:100,&quot;bwdads_coverflow_modifier&quot;:1,&quot;bwdads_coverflow_shadow_switcher&quot;:true,&quot;bwdads_cube_shadow_switcher&quot;:true,&quot;bwdads_cube_slide_shadow_switcher&quot;:true,&quot;bwdads_cube_shadow_offset&quot;:50,&quot;bwdads_desk_Space&quot;:0,&quot;bwdads_tablet_space&quot;:0,&quot;bwdads_slide_mobile_view&quot;:1,&quot;bwdads_mobile_space&quot;:0,&quot;bwdads_slider_direction&quot;:&quot;horizontal&quot;,&quot;bwdads_autoslide_switcher&quot;:&quot;yes&quot;,&quot;bwdads_slider_autoplay_speed&quot;:5000,&quot;bwdads_scroll_visibility&quot;:&quot;false&quot;,&quot;bwdads_slide_pagination&quot;:&quot;yes&quot;,&quot;bwdads_pagination_type&quot;:&quot;bullets&quot;,&quot;bwdads_arrow_switcher&quot;:&quot;yes&quot;,&quot;bwdads_nav_type&quot;:&quot;icon&quot;}\" data-widget_type=\"bwdads-swiperslider.default\">\n\t\t\t\t<div class=\"elementor-widget-container\">\n\t\t\t\t\t\r\n\t\t<div class=\"bwd_sliderDesign_1 bwdads-slider-common bwd-slider-widget-wrapper\"> \r\n\t\t\t<div class=\"bwdads-swiper bwdads-mySwiper\">\r\n\t\t\t\t<div class=\"bwdads-swiper-wrapper\">\r\n\t\t\t\t\t\t\t\t\t\t<div class=\"bwdads-swiper-slide bwd_single_slider elementor-repeater-item-f5f2a43\">\r\n\t\t\t\t\t\t<div class=\"bwd_content-wrap elementor-repeater-item-f5f2a43\">\r\n\t\t\t\t\t\t\t<div class=\"bwd_main-content bwdads-slide-content elementor-repeater-item-f5f2a43 animate__fadeInUp\">\r\n\t\t\t\t\t\t\t\t\t\t\t\t\t\t\t<div class=\"bwd_main-title\">Renewable energies &amp; energy transition<\/div>\r\n\t\t\t\t\t\t\t\t\t\t\t\t\t\t\t\t\t\t\t\t\t\t\t\t\t\t\t\t\t<div class=\"bwd_sub-desc\">Energy is essential to life, and its effective management is a fundamental condition for the\ndevelopment of businesses, communities, and local governments. Addressing the challenge\nof energy access and control in Africa lies at the heart of our commitment. As the continent\nstands on the frontlines of climate crises, we demonstrate our dedication by focusing all our\nefforts in this sector on renewable energy.\nOur experts work with conviction to design solutions that facilitate access to clean, reliable,\nand affordable energy for industries and communities alike.<\/div>\r\n\t\t\t\t\t\t\t\t\t\t\t\t\t\t\t<div class=\"bwd_slide_button\">\r\n\t\t\t\t\t\t\t\t\t\t\t\t\t\t\t\t\t<a class=\"bwd_link_btn bwd-button1\" href=\"#elementor-action%3Aaction%3Dpopup%3Aopen%26settings%3DeyJpZCI6IjEzMzMiLCJ0b2dnbGUiOmZhbHNlfQ%3D%3D\" target=\"&quot;_blank&quot;\">Read more<\/a>\r\n\t\t\t\t\t\t\t\t\t\t\t\t\t\t\t\t\t\t\t\t\t\t\t\t<\/div>\r\n\t\t\t\t\t\t\t<\/div>\r\n\t\t\t\t\t\t\t\t\t\t\t\t\t<\/div>\r\n\t\t\t\t\t<\/div>\r\n\t\t\t\t\t\t\t\t\t\t<div class=\"bwdads-swiper-slide bwd_single_slider elementor-repeater-item-10cb787\">\r\n\t\t\t\t\t\t<div class=\"bwd_content-wrap elementor-repeater-item-10cb787\">\r\n\t\t\t\t\t\t\t<div class=\"bwd_main-content bwdads-slide-content elementor-repeater-item-10cb787 animate__fadeInUp\">\r\n\t\t\t\t\t\t\t\t\t\t\t\t\t\t\t<div class=\"bwd_main-title\">Water &amp; Sanitation<\/div>\r\n\t\t\t\t\t\t\t\t\t\t\t\t\t\t\t\t\t\t\t\t\t\t\t\t\t\t\t\t\t<div class=\"bwd_sub-desc\">Water management and sanitation are central to the development challenges of our\ncountries and societies. In Africa, according to the African Development Bank, less than 60%\nof the population has access to safe drinking water, and only about 30% to adequate\nsanitation.\n\nAmid rapidly growing populations and urbanization, this situation calls for a significant\nmobilization of resources to address sustainability and resilience challenges, particularly in\nurban settings.\nAt DFA, we work alongside stakeholders and institutional partners in the sector to facilitate\ninvestments in water access solutions and in sanitation infrastructure and services. <\/div>\r\n\t\t\t\t\t\t\t\t\t\t\t\t\t\t\t<div class=\"bwd_slide_button\">\r\n\t\t\t\t\t\t\t\t\t\t\t\t\t\t\t\t\t<a class=\"bwd_link_btn bwd-button1\" href=\"#elementor-action%3Aaction%3Dpopup%3Aopen%26settings%3DeyJpZCI6IjEzNTAiLCJ0b2dnbGUiOmZhbHNlfQ%3D%3D\" target=\"&quot;_blank&quot;\">Read more<\/a>\r\n\t\t\t\t\t\t\t\t\t\t\t\t\t\t\t\t\t\t\t\t\t\t\t\t<\/div>\r\n\t\t\t\t\t\t\t<\/div>\r\n\t\t\t\t\t\t\t\t\t\t\t\t\t<\/div>\r\n\t\t\t\t\t<\/div>\r\n\t\t\t\t\t\t\t\t\t\t<div class=\"bwdads-swiper-slide bwd_single_slider elementor-repeater-item-22aed2b\">\r\n\t\t\t\t\t\t<div class=\"bwd_content-wrap elementor-repeater-item-22aed2b\">\r\n\t\t\t\t\t\t\t<div class=\"bwd_main-content bwdads-slide-content elementor-repeater-item-22aed2b animate__fadeInUp\">\r\n\t\t\t\t\t\t\t\t\t\t\t\t\t\t\t<div class=\"bwd_main-title\">Agricultural value chains<\/div>\r\n\t\t\t\t\t\t\t\t\t\t\t\t\t\t\t\t\t\t\t\t\t\t\t\t\t\t\t\t\t<div class=\"bwd_sub-desc\">We support stakeholders in the agropastoral and agro-industrial value chains in addressing\nthe challenge of long-term financing for their activities and sustainable development. Our\nmultidisciplinary expertise enables us to intervene at every stage, from the formulation of\nsectoral policies and plans aligned with the Sustainable Development Goals, to the\nmobilization of resources best suited to the context and challenges of each program or\nproject, and the monitoring of project implementation on the ground.<\/div>\r\n\t\t\t\t\t\t\t\t\t\t\t\t\t\t\t<div class=\"bwd_slide_button\">\r\n\t\t\t\t\t\t\t\t\t\t\t\t\t\t\t\t\t<a class=\"bwd_link_btn bwd-button1\" href=\"#elementor-action%3Aaction%3Dpopup%3Aopen%26settings%3DeyJpZCI6IjEzNTciLCJ0b2dnbGUiOmZhbHNlfQ%3D%3D\" target=\"&quot;_blank&quot;\">Read more<\/a>\r\n\t\t\t\t\t\t\t\t\t\t\t\t\t\t\t\t\t\t\t\t\t\t\t\t<\/div>\r\n\t\t\t\t\t\t\t<\/div>\r\n\t\t\t\t\t\t\t\t\t\t\t\t\t<\/div>\r\n\t\t\t\t\t<\/div>\r\n\t\t\t\t\t\t\t\t\t\t<div class=\"bwdads-swiper-slide bwd_single_slider elementor-repeater-item-b5c42fe\">\r\n\t\t\t\t\t\t<div class=\"bwd_content-wrap elementor-repeater-item-b5c42fe\">\r\n\t\t\t\t\t\t\t<div class=\"bwd_main-content bwdads-slide-content elementor-repeater-item-b5c42fe animate__fadeInUp\">\r\n\t\t\t\t\t\t\t\t\t\t\t\t\t\t\t<div class=\"bwd_main-title translation-block\">Sustainable Infrastructure &amp; Green Transition<\/div>\r\n\t\t\t\t\t\t\t\t\t\t\t\t\t\t\t\t\t\t\t\t\t\t\t\t\t\t\t\t\t<div class=\"bwd_sub-desc\">At a time of Africa\u2019s emergence, efforts toward the structural transformation of economies\nmust go hand in hand with sustainability and resilience requirements, both socially and\nenvironmentally.\nThis is why we are fully committed to developing innovative financial solutions to support\ninvestors in delivering sustainable infrastructure programs and modernizing production\nsystems.\nWe provide support in the study, modeling, and financing of projects in sectors such as\nmobility, construction, and industry.\n<\/div>\r\n\t\t\t\t\t\t\t\t\t\t\t\t\t\t\t<div class=\"bwd_slide_button\">\r\n\t\t\t\t\t\t\t\t\t\t\t\t\t\t\t\t\t<a class=\"bwd_link_btn bwd-button1\" href=\"#elementor-action%3Aaction%3Dpopup%3Aopen%26settings%3DeyJpZCI6IjEzNjQiLCJ0b2dnbGUiOmZhbHNlfQ%3D%3D\" target=\"&quot;_blank&quot;\">Read more<\/a>\r\n\t\t\t\t\t\t\t\t\t\t\t\t\t\t\t\t\t\t\t\t\t\t\t\t<\/div>\r\n\t\t\t\t\t\t\t<\/div>\r\n\t\t\t\t\t\t\t\t\t\t\t\t\t<\/div>\r\n\t\t\t\t\t<\/div>\r\n\t\t\t\t\t\t\t\t\t\t<div class=\"bwdads-swiper-slide bwd_single_slider elementor-repeater-item-99d8dcc\">\r\n\t\t\t\t\t\t<div class=\"bwd_content-wrap elementor-repeater-item-99d8dcc\">\r\n\t\t\t\t\t\t\t<div class=\"bwd_main-content bwdads-slide-content elementor-repeater-item-99d8dcc animate__fadeInUp\">\r\n\t\t\t\t\t\t\t\t\t\t\t\t\t\t\t<div class=\"bwd_main-title\">Health &amp; Education<\/div>\r\n\t\t\t\t\t\t\t\t\t\t\t\t\t\t\t\t\t\t\t\t\t\t\t\t\t\t\t\t\t<div class=\"bwd_sub-desc\">With a mission to generate maximum social impact within communities, we leverage our\nexpertise to support key social sectors such as health and education. We assist stakeholders\nin designing sustainable economic models and mobilizing long-term financial resources.<\/div>\r\n\t\t\t\t\t\t\t\t\t\t\t\t\t\t\t<div class=\"bwd_slide_button\">\r\n\t\t\t\t\t\t\t\t\t\t\t\t\t\t\t\t\t<a class=\"bwd_link_btn bwd-button1\" href=\"#elementor-action%3Aaction%3Dpopup%3Aopen%26settings%3DeyJpZCI6IjEzNzAiLCJ0b2dnbGUiOmZhbHNlfQ%3D%3D\" target=\"&quot;_blank&quot;\">Read more<\/a>\r\n\t\t\t\t\t\t\t\t\t\t\t\t\t\t\t\t\t\t\t\t\t\t\t\t<\/div>\r\n\t\t\t\t\t\t\t<\/div>\r\n\t\t\t\t\t\t\t\t\t\t\t\t\t<\/div>\r\n\t\t\t\t\t<\/div>\r\n\t\t\t\t\t\t\t\t\t<\/div> \r\n\t\t\t\t\r\n\r\n        <div class=\"bwdads-swiper-button-prev\">\r\n            <span class=\"bwdads-swiper-prev\"><i class=\"fas fa-chevron-left\"><\/i><\/span>\r\n        <\/div>\r\n        <div class=\"bwdads-swiper-button-next\">\r\n            <span class=\"bwdads-swiper-next\"><i class=\"fas fa-chevron-right\"><\/i><\/span>\r\n        <\/div>\r\n        \r\n                                <div class=\"bwdads-swiper-pagination\"><\/div>\r\n                \r\n                                <div class=\"bwdads-swiper-scrollbar\"><\/div>\r\n                 \r\n\t\t\t<\/div>\r\n\t\t<\/div> \t\t\t\t<\/div>\n\t\t\t\t<\/div>\n\t\t\t\t\t<\/div>\n\t\t<\/div>\n\t\t\t\t\t<\/div>\n\t\t<\/section>\n\t\t\t\t<\/div>","protected":false},"excerpt":{"rendered":"<p>Energies renouvelables &amp; transition \u00e9nerg\u00e9tique L&#039;\u00e9nergie est indispensable \u00e0 la vie et sa maitrise est la condition incontournable au d\u00e9veloppement des entreprises, des collectivit\u00e9s et des communaut\u00e9s. Relever le d\u00e9fi de la maitrise et de l&#039;acc\u00e8s \u00e0 l&#039;\u00e9nergie en Afrique est au c\u0153ur de notre engagement. Alors que le continent se trouve aujourd&#039;hui sur la ligne de front des crises climatiques, nous traduisons notre engagement par une d\u00e9dication exclusive de nos interventions dans ce secteur en faveur des \u00e9nergies renouvelables. Nos experts travaillent avec conviction pour construire des solutions permettant de faciliter l&#039;acc\u00e8s des industries et des communaut\u00e9s \u00e0 une \u00e9nergie propre, fiable et abordable. En savoir plus Eau &amp; assainissement La gestion de l&#039;eau et l&#039;assainissement est au centre des enjeux de d\u00e9veloppement de nos pays et de nos soci\u00e9t\u00e9s. En Afrique, selon la Banque Africaine de D\u00e9veloppement, moins de 60% et 30% de la population a respectivement acc\u00e8s \u00e0 de l&#039;eau potable ou \u00e0 un assainissement convenable; dans le contexte de rapide croissance de nos d\u00e9mographies et de nos villes, cette situation exige une forte mobilisation de ressources pour relever les d\u00e9fi de la durabilit\u00e9 et de la r\u00e9silience. Chez DFA, nous oeuvrons aux c\u00f4t\u00e9s des acteurs et des partenaires institutionnels de la fili\u00e8re pour faciliter les investissements dans les solutions d&#039;acc\u00e8s \u00e0 l&#039;eau et dans les infrastructures et services d&#039;assainissement. En savoir plus Chaines de valeur agricoles Nous accompagnons les acteurs de la chaine de valeur agropastorale et agroindustrielle \u00e0 relever le d\u00e9fi du financement \u00e0 long terme de leurs activit\u00e9s et du d\u00e9veloppement durable. Nous disposons d&#039;une expertise multidisciplinaire qui nous permet d&#039;intervenir d\u00e8s l&#039;\u00e9laboration des politiques et plans sectoriels align\u00e9s avec les objectifs de d\u00e9veloppement durables jusqu&#039;au suivi de l&#039;impl\u00e9mentation des projets sur le terrain, en passant par la mobilisation des ressources dans les mieux adapt\u00e9es aux contexte et enjeux des programmes\/projets. En savoir plus Infrastructures durables &amp; transition \u00e9cologique A l&#039;heure de l&#039;\u00e9mergence africaine, les efforts de transformation structurelle des \u00e9conomies sont indissociables des exigences en termes de durabilit\u00e9 et de r\u00e9silience sur les plans social et environnemental. C&#039;est pourquoi nous nous investissons pleinement dans le d\u00e9veloppement de solutions financi\u00e8res innovantes pour accompagner les investisseurs dans la r\u00e9alisation de programmes d&#039;infrastructures durables et la modernisation des appareils de production. Nous accompagnons dans les \u00e9tudes, la mod\u00e9lisation et le financement de projets dans les domaines de la mobilit\u00e9, du b\u00e2timent et de l&#039;industrie. En savoir plus Education &amp; sant\u00e9 Ayant pour vocation de g\u00e9n\u00e9rer un maximum d&#039;impact social au sein des communaut\u00e9s, nous mettons nos expertises au profit de secteurs sociaux tels que la sant\u00e9 et l&#039;\u00e9ducation, en accompagnant les acteurs dans la d\u00e9finition de mod\u00e8les \u00e9conomiques soutenables et la mobilisation de ressources financi\u00e8res durables. En savoir plus<\/p>","protected":false},"author":1,"featured_media":0,"parent":0,"menu_order":0,"comment_status":"closed","ping_status":"closed","template":"elementor_header_footer","meta":{"ocean_post_layout":"","ocean_both_sidebars_style":"","ocean_both_sidebars_content_width":0,"ocean_both_sidebars_sidebars_width":0,"ocean_sidebar":"","ocean_second_sidebar":"","ocean_disable_margins":"enable","ocean_add_body_class":"","ocean_shortcode_before_top_bar":"","ocean_shortcode_after_top_bar":"","ocean_shortcode_before_header":"","ocean_shortcode_after_header":"","ocean_has_shortcode":"","ocean_shortcode_after_title":"","ocean_shortcode_before_footer_widgets":"","ocean_shortcode_after_footer_widgets":"","ocean_shortcode_before_footer_bottom":"","ocean_shortcode_after_footer_bottom":"","ocean_display_top_bar":"default","ocean_display_header":"default","ocean_header_style":"","ocean_center_header_left_menu":"","ocean_custom_header_template":"","ocean_custom_logo":0,"ocean_custom_retina_logo":0,"ocean_custom_logo_max_width":0,"ocean_custom_logo_tablet_max_width":0,"ocean_custom_logo_mobile_max_width":0,"ocean_custom_logo_max_height":0,"ocean_custom_logo_tablet_max_height":0,"ocean_custom_logo_mobile_max_height":0,"ocean_header_custom_menu":"","ocean_menu_typo_font_family":"","ocean_menu_typo_font_subset":"","ocean_menu_typo_font_size":0,"ocean_menu_typo_font_size_tablet":0,"ocean_menu_typo_font_size_mobile":0,"ocean_menu_typo_font_size_unit":"px","ocean_menu_typo_font_weight":"","ocean_menu_typo_font_weight_tablet":"","ocean_menu_typo_font_weight_mobile":"","ocean_menu_typo_transform":"","ocean_menu_typo_transform_tablet":"","ocean_menu_typo_transform_mobile":"","ocean_menu_typo_line_height":0,"ocean_menu_typo_line_height_tablet":0,"ocean_menu_typo_line_height_mobile":0,"ocean_menu_typo_line_height_unit":"","ocean_menu_typo_spacing":0,"ocean_menu_typo_spacing_tablet":0,"ocean_menu_typo_spacing_mobile":0,"ocean_menu_typo_spacing_unit":"","ocean_menu_link_color":"","ocean_menu_link_color_hover":"","ocean_menu_link_color_active":"","ocean_menu_link_background":"","ocean_menu_link_hover_background":"","ocean_menu_link_active_background":"","ocean_menu_social_links_bg":"","ocean_menu_social_hover_links_bg":"","ocean_menu_social_links_color":"","ocean_menu_social_hover_links_color":"","ocean_disable_title":"default","ocean_disable_heading":"default","ocean_post_title":"","ocean_post_subheading":"","ocean_post_title_style":"","ocean_post_title_background_color":"","ocean_post_title_background":0,"ocean_post_title_bg_image_position":"","ocean_post_title_bg_image_attachment":"","ocean_post_title_bg_image_repeat":"","ocean_post_title_bg_image_size":"","ocean_post_title_height":0,"ocean_post_title_bg_overlay":0.5,"ocean_post_title_bg_overlay_color":"","ocean_disable_breadcrumbs":"default","ocean_breadcrumbs_color":"","ocean_breadcrumbs_separator_color":"","ocean_breadcrumbs_links_color":"","ocean_breadcrumbs_links_hover_color":"","ocean_display_footer_widgets":"default","ocean_display_footer_bottom":"default","ocean_custom_footer_template":"","footnotes":""},"class_list":["post-900","page","type-page","status-publish","hentry","entry"],"_links":{"self":[{"href":"https:\/\/www.df-advisory.com\/en\/wp-json\/wp\/v2\/pages\/900","targetHints":{"allow":["GET"]}}],"collection":[{"href":"https:\/\/www.df-advisory.com\/en\/wp-json\/wp\/v2\/pages"}],"about":[{"href":"https:\/\/www.df-advisory.com\/en\/wp-json\/wp\/v2\/types\/page"}],"author":[{"embeddable":true,"href":"https:\/\/www.df-advisory.com\/en\/wp-json\/wp\/v2\/users\/1"}],"replies":[{"embeddable":true,"href":"https:\/\/www.df-advisory.com\/en\/wp-json\/wp\/v2\/comments?post=900"}],"version-history":[{"count":131,"href":"https:\/\/www.df-advisory.com\/en\/wp-json\/wp\/v2\/pages\/900\/revisions"}],"predecessor-version":[{"id":2382,"href":"https:\/\/www.df-advisory.com\/en\/wp-json\/wp\/v2\/pages\/900\/revisions\/2382"}],"wp:attachment":[{"href":"https:\/\/www.df-advisory.com\/en\/wp-json\/wp\/v2\/media?parent=900"}],"curies":[{"name":"wp","href":"https:\/\/api.w.org\/{rel}","templated":true}]}}